{"id":787,"date":"2024-06-04T13:06:27","date_gmt":"2024-06-04T16:06:27","guid":{"rendered":"https:\/\/www.dotbairesshopping.com\/?page_id=787"},"modified":"2024-07-05T10:37:27","modified_gmt":"2024-07-05T13:37:27","slug":"news-promotions-en","status":"publish","type":"page","link":"https:\/\/www.dotbairesshopping.com\/index.php\/news-promotions-en\/","title":{"rendered":"News &amp; Promotions-en"},"content":{"rendered":"\t\t<div data-elementor-type=\"wp-page\" data-elementor-id=\"787\" class=\"elementor elementor-787\" data-elementor-post-type=\"page\">\n\t\t\t\t<div class=\"elementor-element elementor-element-c483776 e-flex e-con-boxed e-con e-parent\" data-id=\"c483776\" data-element_type=\"container\" data-e-type=\"container\">\n\t\t\t\t\t<div class=\"e-con-inner\">\n\t\t\t\t<div class=\"elementor-element elementor-element-f360053 elementor-widget elementor-widget-spacer\" data-id=\"f360053\" data-element_type=\"widget\" data-e-type=\"widget\" data-widget_type=\"spacer.default\">\n\t\t\t\t<div class=\"elementor-widget-container\">\n\t\t\t\t\t\t\t<div class=\"elementor-spacer\">\n\t\t\t<div class=\"elementor-spacer-inner\"><\/div>\n\t\t<\/div>\n\t\t\t\t\t\t<\/div>\n\t\t\t\t<\/div>\n\t\t\t\t\t<\/div>\n\t\t\t\t<\/div>\n\t\t<div class=\"elementor-element elementor-element-97628ad e-flex e-con-boxed e-con e-parent\" data-id=\"97628ad\" data-element_type=\"container\" data-e-type=\"container\">\n\t\t\t\t\t<div class=\"e-con-inner\">\n\t\t\t\t<div class=\"elementor-element elementor-element-29366a1 elementor-widget elementor-widget-heading\" data-id=\"29366a1\" data-element_type=\"widget\" data-e-type=\"widget\" data-widget_type=\"heading.default\">\n\t\t\t\t<div class=\"elementor-widget-container\">\n\t\t\t\t\t<h2 class=\"elementor-heading-title elementor-size-default\">New &amp; Promotions<\/h2>\t\t\t\t<\/div>\n\t\t\t\t<\/div>\n\t\t\t\t\t<\/div>\n\t\t\t\t<\/div>\n\t\t<div class=\"elementor-element elementor-element-7c04dad e-flex e-con-boxed e-con e-parent\" data-id=\"7c04dad\" data-element_type=\"container\" data-e-type=\"container\">\n\t\t\t\t\t<div class=\"e-con-inner\">\n\t\t\t\t<div class=\"elementor-element elementor-element-cd95a0a elementor-widget elementor-widget-elementskit-blog-posts\" data-id=\"cd95a0a\" data-element_type=\"widget\" data-e-type=\"widget\" data-widget_type=\"elementskit-blog-posts.default\">\n\t\t\t\t<div class=\"elementor-widget-container\">\n\t\t\t\t\t<div class=\"ekit-wid-con\" >        <div id=\"post-items--cd95a0a\" class=\"row post-items\">\n                    <div class=\"col-lg-4 col-md-6\">\n\n                                    <div class=\"elementskit-post-image-card\">\n                        <div class=\"elementskit-entry-header\">\n                                                            <a href=\"https:\/\/www.dotbairesshopping.com\/index.php\/2024\/05\/10\/somos-pet-friendly\/\" class=\"elementskit-entry-thumb\">\n                                    <img decoding=\"async\" src=\"https:\/\/www.dotbairesshopping.com\/wp-content\/uploads\/2024\/05\/DOT_PetFriendly_Stories_Mesa-de-trabajo-1-576x1024.jpg\" alt=\"SOMOS PET FRIENDLY\">\n                                <\/a><!-- .elementskit-entry-thumb END -->\n                                                            \n                            \n\t\t\t\t\t\t\t\t\t\t\t\t\t<\/div><!-- .elementskit-entry-header END -->\n\n\t\t\t\t\t\t<div class=\"elementskit-post-body \">\n\t\t\t\t\t\t\t\n\t\t\t\t\t\t\t\t\t\t\t\t\t\t\t\t\t\t\t\t\t\t\t\t\t\t\t\t\t\t\n\t\t\t\t\t\t\t\t\n\t\t\t\t\t\t\t\t\t\t\t\t\t\t\t\t\t\t\t\t\t<h2 class=\"entry-title\">\n\t\t\t\t\t<a href=\"https:\/\/www.dotbairesshopping.com\/index.php\/2024\/05\/10\/somos-pet-friendly\/\">\n\t\t\t\t\t\tSOMOS PET FRIENDLY\t\t\t\t\t<\/a>\n\t\t\t\t<\/h2>\n\t\t\t\t\t\t\t\t\t\t\t\t\t\t\t\t\t\t\t\t\t\t\t\t\t\t\t\t\t\t\t\t\t\t\t\t\t\t\t\t\t\t<p>Ven\u00ed a hacer tus compras acompa\u00f1ado de tu mascota!<\/p>\n\t\t\t\t\t\t\t\t\t\t\t\t\t\t\t\t\t\t\t\t\t\t                                                    <\/div><!-- .elementskit-post-body END -->\n                    <\/div>\n                \n            <\/div>\n                <\/div>\n       <\/div>\t\t\t\t<\/div>\n\t\t\t\t<\/div>\n\t\t\t\t\t<\/div>\n\t\t\t\t<\/div>\n\t\t<div class=\"elementor-element elementor-element-090a46a e-flex e-con-boxed e-con e-parent\" data-id=\"090a46a\" data-element_type=\"container\" data-e-type=\"container\">\n\t\t\t\t\t<div class=\"e-con-inner\">\n\t\t\t\t<div class=\"elementor-element elementor-element-63b018d elementor-widget elementor-widget-shortcode\" data-id=\"63b018d\" data-element_type=\"widget\" data-e-type=\"widget\" data-widget_type=\"shortcode.default\">\n\t\t\t\t<div class=\"elementor-widget-container\">\n\t\t\t\t\t\t\t<div class=\"elementor-shortcode\"><!-- START Botmaker WebChat-->\n<script>\n    (function () {\n        let js = document.createElement('script');\n        js.type = 'text\/javascript';\n        js.async = 1;\n        js.src = 'https:\/\/go.botmaker.com\/rest\/webchat\/p\/DOTBairesShopping\/init.js';\n        document.body.appendChild(js);\n    })();\n<\/script>\n<\/div>\n\t\t\t\t\t\t<\/div>\n\t\t\t\t<\/div>\n\t\t\t\t\t<\/div>\n\t\t\t\t<\/div>\n\t\t\t\t<\/div>\n\t\t","protected":false},"excerpt":{"rendered":"<p>New &#038; Promotions ESTACIONES DE CARGA DE VEH\u00cdCULOS EL\u00c9CTRICOS Inauguramos nuestra estaci\u00f3n gratuita de carga de veh\u00edculos el\u00e9ctricos para autos, motos, bicicleta y monopatines. SOMOS PET FRIENDLY Ven\u00ed a hacer tus compras acompa\u00f1ado de tu mascota! PLAZA DE JUEGOS \u00a1Conoc\u00e9 la nueva plaza de juegos del camale\u00f3n!<\/p>\n","protected":false},"author":1,"featured_media":0,"parent":0,"menu_order":0,"comment_status":"closed","ping_status":"closed","template":"elementor_header_footer","meta":{"_acf_changed":false,"footnotes":""},"class_list":["post-787","page","type-page","status-publish","hentry"],"acf":[],"_links":{"self":[{"href":"https:\/\/www.dotbairesshopping.com\/index.php\/wp-json\/wp\/v2\/pages\/787","targetHints":{"allow":["GET"]}}],"collection":[{"href":"https:\/\/www.dotbairesshopping.com\/index.php\/wp-json\/wp\/v2\/pages"}],"about":[{"href":"https:\/\/www.dotbairesshopping.com\/index.php\/wp-json\/wp\/v2\/types\/page"}],"author":[{"embeddable":true,"href":"https:\/\/www.dotbairesshopping.com\/index.php\/wp-json\/wp\/v2\/users\/1"}],"replies":[{"embeddable":true,"href":"https:\/\/www.dotbairesshopping.com\/index.php\/wp-json\/wp\/v2\/comments?post=787"}],"version-history":[{"count":21,"href":"https:\/\/www.dotbairesshopping.com\/index.php\/wp-json\/wp\/v2\/pages\/787\/revisions"}],"predecessor-version":[{"id":2630,"href":"https:\/\/www.dotbairesshopping.com\/index.php\/wp-json\/wp\/v2\/pages\/787\/revisions\/2630"}],"wp:attachment":[{"href":"https:\/\/www.dotbairesshopping.com\/index.php\/wp-json\/wp\/v2\/media?parent=787"}],"curies":[{"name":"wp","href":"https:\/\/api.w.org\/{rel}","templated":true}]}}