{"id":665,"date":"2024-05-14T11:50:46","date_gmt":"2024-05-14T14:50:46","guid":{"rendered":"https:\/\/www.dotbairesshopping.com\/?page_id=665"},"modified":"2025-04-08T17:35:37","modified_gmt":"2025-04-08T20:35:37","slug":"politicas-de-privacidad-en","status":"publish","type":"page","link":"https:\/\/www.dotbairesshopping.com\/index.php\/politicas-de-privacidad-en\/","title":{"rendered":"Politicas de Privacidad &#8211; En"},"content":{"rendered":"\t\t<div data-elementor-type=\"wp-page\" data-elementor-id=\"665\" class=\"elementor elementor-665\" data-elementor-post-type=\"page\">\n\t\t\t\t<div class=\"elementor-element elementor-element-23f33ad e-flex e-con-boxed e-con e-parent\" data-id=\"23f33ad\" data-element_type=\"container\" data-e-type=\"container\">\n\t\t\t\t\t<div class=\"e-con-inner\">\n\t\t\t\t<div class=\"elementor-element elementor-element-275a481 elementor-widget elementor-widget-heading\" data-id=\"275a481\" data-element_type=\"widget\" data-e-type=\"widget\" data-widget_type=\"heading.default\">\n\t\t\t\t<div class=\"elementor-widget-container\">\n\t\t\t\t\t<h2 class=\"elementor-heading-title elementor-size-default\">Terms &amp; Conditions<\/h2>\t\t\t\t<\/div>\n\t\t\t\t<\/div>\n\t\t\t\t<div class=\"elementor-element elementor-element-626dded elementor-widget elementor-widget-text-editor\" data-id=\"626dded\" data-element_type=\"widget\" data-e-type=\"widget\" data-widget_type=\"text-editor.default\">\n\t\t\t\t<div class=\"elementor-widget-container\">\n\t\t\t\t\t\t\t\t\t<p><strong><u>POL\u00cdTICA DE PRIVACIDAD Y USO DE COOKIES<\/u><\/strong><\/p><p><strong><u>\u00a0<\/u><\/strong><\/p><p>La presente Pol\u00edtica de Privacidad (la \u201cPol\u00edtica\u201d) describe la informaci\u00f3n que el sitio <a href=\"https:\/\/www.dotbairesshopping.com\/index.php\/home-en\">https:\/\/www.dotbairesshopping.com\/index.php\/home-en<\/a>\/ (el \u201cSitio\u201d) recoge sobre sus usuarios y visitantes y lo que puede hacerse con dicha informaci\u00f3n. Al registrarse y\/o utilizar el Sitio, el usuario y\/o el visitante presta su consentimiento para que se utilice su informaci\u00f3n personal de acuerdo a las pol\u00edticas que se describen a continuaci\u00f3n. Al navegar y dejar sus datos en el Sitio el usuario (el\/los \u201cUsuario\/s\u201d) acepta la Pol\u00edtica.<\/p><ol><li><u> <strong>RESPONSABLE DE LOS DATOS<\/strong><\/u><\/li><\/ol><p>El responsable del tratamiento y protecci\u00f3n de los datos personales ingresados en <strong>PANAMERICAN MALL S.A. <\/strong>(en adelante \u201cPAMSA\u201d), constituyendo domicilio en Carlos Mar\u00eda Della Paolera 261, piso 9\u00b0, Ciudad Aut\u00f3noma de Buenos Aires, Rep\u00fablica Argentina y domicilio electr\u00f3nico: <a href=\"mailto:clientes@irsacp.com.ar\">clientes@irsacp.com.ar<\/a><\/p><ol><li><u> <strong>DATOS OBTENIDOS<\/strong><\/u><\/li><\/ol><p><strong><u>\u00a0<\/u><\/strong><\/p><p>Los datos personales (los \u201cDatos Personales\u201d) que obtenemos en el Sitio son:<\/p><p><u>Individuos<\/u>:<\/p><ul><li>Nombre y Apellido.<\/li><li>Correo Electr\u00f3nico.<\/li><li>Comentarios del Usuario<\/li><\/ul><p>\u00a0<\/p><p>Nosotros no recabamos datos personales sensibles en nuestro Sitio.<\/p><p>Con el fin de brindar adecuadamente los servicios que provee el Sitio, <strong>PANAMERICAN MALL S.A. <\/strong>(recolecta, trata y eventualmente cede a terceros en caso de ser necesario, los datos personales proporcionados por los usuarios que visitan sus sitios y\/o plataformas.<\/p><p>Los Datos Personales que se recojan a los efectos de su tratamiento ser\u00e1n ciertos, adecuados, pertinentes y no excesivos con relaci\u00f3n al \u00e1mbito y finalidad para los que se obtuvieron. La recolecci\u00f3n de datos que realiza <strong>PANAMERICAN MALL S.A. <\/strong>no se efect\u00faa por medios desleales, fraudulentos o en forma contraria a las disposiciones de Ley de Protecci\u00f3n de los Datos Personales.<\/p><p><strong><u>III. FINALIDADES<\/u><\/strong><\/p><p>Los Datos Personales obtenidos a trav\u00e9s del Sitio ser\u00e1n utilizados para las siguientes finalidades:<\/p><ol><li>Formar un perfil del Usuario e incorporarlo en programas de fidelizaci\u00f3n de clientes.<\/li><li>Enviarle al Usuario informaci\u00f3n y material publicitario y\/o promocional relacionado con la actividad que desarrolla, <strong>PANAMERICAN MALL S.A. <\/strong>y\/o sus sociedades vinculadas, controlantes o controladas.<\/li><li><strong><u> NEGATIVA AL TRATAMIENTO PARA CIERTAS FINALIDADES<\/u><\/strong><\/li><\/ol><p>Si desea que sus datos personales no sean utilizados para todas o alguna(s) de las finalidades establecidas en el punto III) de la presente Pol\u00edtica, deber\u00e1\u0301 enviarnos un correo electr\u00f3nico a la direcci\u00f3n: <a href=\"mailto:clientes@irsacp.com.ar\">clientes@irsacp.com.ar<\/a>\u00a0indic\u00e1ndonos lo siguiente:<\/p><p>\u201c<em>No consiento que mis datos personales se utilicen para el <\/em><em>Env\u00edo de promociones, publicidad y descuentos.\u201d<\/em><\/p><p>El manifestar su negativa al tratamiento de sus datos personales para las finalidades mencionadas, no ser\u00e1\u0301 motivo para dejar de brindarle los servicios del Sitio. En caso que los usuarios desearan que sus Datos Personales no fueran utilizados para ninguna de las finalidades del Punto III deber\u00e1 solicitar la baja completa del Sitio atento a que las mismas resultan necesarias para brindar correctamente el servicio del Sitio.\u00a0<\/p><h3><strong><u>V. <\/u><\/strong><strong><u>ALMACENAMIENTO<\/u><\/strong><\/h3><p>Los Datos Personales ser\u00e1n almacenados de modo que permitan el ejercicio del derecho de acceso de su titular y ser\u00e1n destruidos cuando hayan dejado de ser necesarios o pertinentes a los fines para los cuales hubiesen sido recolectados, as\u00ed como si el titular de tales Datos Personales solicitara su respectiva destrucci\u00f3n.<\/p><p>Los Datos Personales informados por el Usuario ser\u00e1n almacenados en una base de datos de titularidad de<strong> PANAMERICAN MALL S.A. <\/strong>debidamente registrada en la Agencia de Acceso a la Informaci\u00f3n P\u00fablica \u00f3rgano de control de la Ley 25.326 de Protecci\u00f3n de Datos Personales (en adelante, la \u201cLey de Protecci\u00f3n de Datos Personales\u201d) y no tienen finalidades contrarias a las leyes y\/o a la moral p\u00fablica (en adelante la \u201cBase de Datos\u201d).\u00a0<\/p><p>Los Datos Personales ser\u00e1n almacenados en Azzure Web Servicies. Al respecto informamos que, al ser un servicio prestado en la nube, los datos podr\u00e1n almacenarse en cualquiera de los servidores de Azzure Web Servicies en los distintos pa\u00edses del mundo en los que dicha empresa tiene presencia. Los Datos Personales ser\u00e1n almacenados por el plazo que sea de utilidad a los efectos de cumplir con los fines indicados precedentemente.<strong> PANAMERICAN MALL S.A. <\/strong>proteger\u00e1 la base de datos de acuerdo con los est\u00e1ndares impuestos por la normativa vigente y las reglas del arte que razonablemente brinden integridad y seguridad a los datos personales que contiene.<\/p><p>De acuerdo a lo informado, al aceptar esta Pol\u00edtica el Usuario presta su consentimiento para que sus Datos Personales sean almacenados y\/o transferidos a los pa\u00edses en donde se encuentren los servidores de Amazon Web Servicies, aun cuando dichos pa\u00edses no posean una legislaci\u00f3n sobre protecci\u00f3n de datos personales equivalente a la legislaci\u00f3n argentina y sean pa\u00edses que no proporcionen un nivel de protecci\u00f3n adecuado en materia de datos personales, de acuerdo con lo establecido por la Disposici\u00f3n E-60\/2016 de la Agencia de Acceso a la Informaci\u00f3n P\u00fablica. Sugerimos al Usuario que en caso de no estar de acuerdo con la posibilidad de que sus Datos Personales sean transferidos a pa\u00edses que no proporcionan un nivel de protecci\u00f3n adecuado, no acepte esta Pol\u00edtica o nos solicite la supresi\u00f3n de sus Datos Personales de nuestra Base de Datos. De aceptar esta Pol\u00edtica, el Usuario presta su expreso consentimiento para que sus Datos sean transferidos a cualquiera de dichos pa\u00edses.<\/p><ol><li><strong><u> TRANSFERENCIAS<\/u><\/strong><\/li><\/ol><p><strong>\u00a0<\/strong><\/p><p><strong>PANAMERICAN MALL S.A. <\/strong>podr\u00e1 ceder y\/o transferir los Datos Personales a los siguientes terceros:<\/p><p>(i) cualquiera de sus empresas vinculadas y\/o relacionadas as\u00ed como a los propietarios\/titulares de los activos inmobiliarios ofrecidos.<\/p><p>(ii) empresas de servicios o empresas de &#8220;outsourcing&#8221; que contribuyan a mejorar o a facilitar las operaciones del Servicio. En algunos casos, estos proveedores de servicios ser\u00e1n quienes recojan informaci\u00f3n directamente del usuario. En caso de el usuario facilite, por propia iniciativa informaci\u00f3n adicional a dichos prestadores de servicios directamente, tales prestadores usar\u00e1n esa informaci\u00f3n conforme a sus propias pol\u00edticas de privacidad;<\/p><p>(iii) intermediarios de Internet tales como Facebook y\/o Google o prestadores de servicios de Internet (ISP).<\/p><p><strong>PANAMERICAN MALL S.A. <\/strong>declara dar fiel cumplimiento con la Disposici\u00f3n 60E-2016 en materia de transferencia internacional de datos personales a pa\u00edses que no cuentan con la legislaci\u00f3n de tratamiento adecuada. Al proporcionarnos tus datos declaras conocer y aceptar que podremos ceder y\/o transferir los mismos a cualquier sociedad del grupo.<\/p><p><strong><u>VII. DERECHOS DE ACCESO, RECTIFICACI\u00d3N, CANCELACI\u00d3N Y OPOSICI\u00d3N (\u201cARCO\u201d)<\/u><\/strong><\/p><p><strong>\u00a0<\/strong><\/p><p>Ponemos en su conocimiento que como titular de los Datos Personales recabados, tiene derecho a conocer con que informaci\u00f3n contamos, as\u00ed como el uso y tratamiento que se le da a los mismos en forma gratuita a intervalos no inferiores a los 6 meses conforme lo establecido en el art\u00edculo 14, inciso 3 de la Ley N\u00b0 25.326 (Resoluci\u00f3n 14\/2018). De igual manera tiene derecho solicitar la correcci\u00f3n de su informaci\u00f3n personal en caso de que este\u0301 desactualizada, sea inexacta o incompleta (Rectificaci\u00f3n); que eliminemos su informaci\u00f3n, de nuestros registros o bases de datos cuando considere que la misma no est\u00e1\u0301 siendo utilizada conforme a los principios, deberes y obligaciones previstos en la normativa aplicable (Cancelaci\u00f3n); as\u00ed mismo puede oponerse al uso de sus datos personales para fines espec\u00edficos (Oposici\u00f3n). Estos derechos se conocen como derechos ARCO. \u00a0<\/p><p>Usted puede ejercer los derechos anteriormente mencionados enviando un correo electr\u00f3nico a la direcci\u00f3n: <a href=\"mailto:clientes@irsacp.com.ar\">clientes@irsacp.com.ar<\/a> solicitando el ejercicio de los mismos y seguir el procedimiento que ser\u00e1\u0301 enviado junto con su solicitud; o bien si lo desea puede acudir directamente a las oficinas de <strong>PANAMERICAN MALL S.A. <\/strong>ubicadas en Carlos Maria\u00a0 Della Paolera 261, piso 8\u00b0, de la Ciudad Aut\u00f3noma de Buenos Aires, Rep\u00fablica Argentina, o ponerse en contacto al tel\u00e9fono 0800- 222- 2299\u00a0 de Lunes a viernes de 9 a 22hs, s\u00e1bados y domingos de 10 a 22hs, en donde se atender\u00e1\u0301 cualquier duda respecto al tratamiento de su informaci\u00f3n y se dar\u00e1\u0301 tr\u00e1mite a las solicitudes para el ejercicio de estos derechos. Al momento de ejercer alguno de los Derechos ARCO, deber\u00e1s acreditar tu identidad.<\/p><p>La Agencia de Acceso a la Informaci\u00f3n P\u00fablica, \u00d3rgano de Control de la Ley N\u00ba 25.326, tiene la atribuci\u00f3n de atender las denuncias y reclamos que se interpongan con relaci\u00f3n al incumplimiento de las normas sobre protecci\u00f3n de datos personales.<\/p><p>Direcci\u00f3n: Av. Pte. Gral. Julio A. Roca 710, piso 2- Ciudad Aut\u00f3noma de Buenos Aires<\/p><p>C\u00f3digo postal: C1067ABP<\/p><p>Correo electr\u00f3nico: <a href=\"mailto:info@aaip.gob.ar\">info@aaip.gob.ar<\/a><\/p><p><strong><u>VIII. EL USO DE COOKIES<\/u><\/strong><\/p><p><strong>\u00a0<\/strong><\/p><p>Al utilizar el Sitio declara conocer y aceptar que <strong>PANAMERICAN MALL S.A. <\/strong>podr\u00e1 utilizar un sistema de seguimiento mediante la utilizaci\u00f3n de cookies (las &#8220;Cookies&#8221;). Las Cookies son peque\u00f1os archivos que se instalan en el disco r\u00edgido, con una duraci\u00f3n limitada en el tiempo que ayudan a personalizar los servicios. Tambi\u00e9n ofrecemos ciertas funcionalidades que s\u00f3lo est\u00e1n disponibles mediante el empleo de Cookies. Las Cookies se utilizan con el fin de conocer los intereses, el comportamiento y la demograf\u00eda de quienes visitan o son usuarios del Sitio y de esa forma, comprender mejor sus necesidades e intereses y darles un mejor servicio o proveerle informaci\u00f3n relacionada. Tambi\u00e9n usaremos la informaci\u00f3n obtenida por intermedio de las Cookies para analizar las p\u00e1ginas navegadas por el visitante o usuario, las b\u00fasquedas realizadas, mejorar nuestras iniciativas comerciales y promocionales, mostrar publicidad o promociones, banners de inter\u00e9s y noticias sobre el Servicio. <strong>PANAMERICAN MALL S.A. <\/strong>podr\u00e1 agregar Cookies en los e-mails que env\u00ede para medir la efectividad de las promociones.<\/p><p>Se establece que la instalaci\u00f3n, permanencia y existencia de las Cookies en el celular o computadora del usuario depende de su exclusiva voluntad y puede ser eliminada de su computadora cuando el usuario as\u00ed lo desee. Para saber c\u00f3mo quitar las Cookies del sistema es necesario revisar desde el bot\u00f3n \u201cAjustes\u201d (\u00edcono de engranaje) de cookies el cual se encuentra siempre presente en la web.<\/p><p>Adicionalmente, se pueden encontrar Cookies u otros sistemas similares instalados por terceros en ciertas p\u00e1ginas de nuestra Aplicaci\u00f3n. Por ejemplo, al navegar por una p\u00e1gina creada por un usuario, puede que exista una Cookie emplazada en tal p\u00e1gina.<\/p><p>Se aclara expresamente que estas pol\u00edticas cubren la utilizaci\u00f3n de Cookies por esta Aplicaci\u00f3n y no la utilizaci\u00f3n de Cookies por parte de anunciantes. Nosotros no controlamos el uso de Cookies por terceros.<\/p><ol><li><strong><u> MANTENIMIENTO DE LOS DATOS PERSONALES<\/u><\/strong><\/li><\/ol><p>Los Datos Personales ser\u00e1n conservados (i) por el tiempo que fuera necesario para la finalidad que fueron recogidos, (ii) por los plazos de prescripci\u00f3n que le sean de aplicaci\u00f3n, si pudieran surgir responsabilidades derivadas del tratamiento.<\/p><ol><li><strong><u> DECLARACI\u00d3N DE LOS USUARIOS <\/u><\/strong><\/li><\/ol><p>Los Usuarios, al proporcionar sus Datos Personales, garantizan la veracidad, exactitud, vigencia y autenticidad de los mismos y se comprometen a mantenerlos debidamente actualizados.<\/p><ol><li><strong><u> ACTUALIZACI\u00d3N DE LA POL\u00cdTICA DE PRIVACIDAD<\/u><\/strong><\/li><\/ol><p>La presente Pol\u00edtica de Privacidad podr\u00e1\u0301 ser modificada o actualizada en cualquier momento; en caso de que se realice alguna modificaci\u00f3n que requiera poner a su disposici\u00f3n un nuevo aviso, se le har\u00e1\u0301 saber mediante correo electr\u00f3nico a la cuenta de correo que se proporcion\u00f3\u0301 inicialmente, en caso de ser s\u00f3lo una actualizaci\u00f3n podr\u00e1\u0301 consultarlo en el Sitio.<\/p><p><strong>T\u00c9RMINOS Y CONDICIONES:<\/strong><\/p><p>Autorizar expresamente a PANAMERICAN MALL S.A. a: 1) Ingresar mis datos incluidos en el presente a una base de datos cuyo titular es PANAMERICAN MALL S.A., con domicilio en Carlos Mar\u00eda Della Paolera 261, piso 8\u00b0, Ciudad Aut\u00f3noma de Buenos Aires. 2) Aceptar recibir informaci\u00f3n y material publicitario o promocional relacionado con la actividad que desarrolla PANAMERICAN MALL S.A. y\/o sus vinculadas, controlantes o controladas.<\/p><p>Los datos ingresados a la base de datos de PANAMERICAN MALL S.A. ser\u00e1n utilizados \u00fanicamente por \u00e9sta con la finalidad de: 1) Formar un perfil de consumidor e incorporar al firmante en programas de fidelizaci\u00f3n de clientes. 2) comunicarse con el firmante y\/o enviar publicidad o material promocional.<\/p><p>El titular de los datos personales tienen la facultad de ejercer el derecho de acceso a los mismos en forma gratuita a intervalos no inferiores a seis meses, salvo que se acredite un inter\u00e9s leg\u00edtimo al efecto conforme lo establecido en el art\u00edculo 14, inciso 3 de la Ley Nro. 25.326 (Disposici\u00f3n 10\/2008, art\u00edculo 1\u00b0,B.O. 18\/09\/2008), as\u00ed como a solicitar que sus datos sean rectificados, actualizados o removidos de las bases de datos de PANAMERICAN MALL S.A. A tales efectos, deber\u00e1 enviar un email a <a href=\"mailto:clientes@irsacp.com.ar\">clientes@irsacp.com.ar<\/a><\/p><p>Se hace saber que La AGENCIA DE ACCESO A LA INFORMACI\u00d3N P\u00daBLICA, conforme los t\u00e9rminos del art\u00edculo 19 de la Ley N\u00b0 27.275, sustituido por el art\u00edculo 11 del Decreto N\u00b0 746\/17, es el \u00f3rgano de control de la Ley N\u00ba 25.326 y tiene la atribuci\u00f3n de atender las denuncias y reclamos que se interpongan con relaci\u00f3n al incumplimiento de las normas sobre protecci\u00f3n de datos personales.<\/p><p>La suscripci\u00f3n del presente implica hacerse \u00fanico responsable que los datos ingresados son verdaderos, eximiendo a PANAMERICAN MALL S.A. y a sus sociedades controladas, vinculadas y\/o controlantes de toda responsabilidad al respecto.<\/p>\t\t\t\t\t\t\t\t<\/div>\n\t\t\t\t<\/div>\n\t\t\t\t\t<\/div>\n\t\t\t\t<\/div>\n\t\t<div class=\"elementor-element elementor-element-91f84eb e-flex e-con-boxed e-con e-parent\" data-id=\"91f84eb\" data-element_type=\"container\" data-e-type=\"container\">\n\t\t\t\t\t<div class=\"e-con-inner\">\n\t\t\t\t<div class=\"elementor-element elementor-element-45805cd elementor-widget elementor-widget-shortcode\" data-id=\"45805cd\" data-element_type=\"widget\" data-e-type=\"widget\" data-widget_type=\"shortcode.default\">\n\t\t\t\t<div class=\"elementor-widget-container\">\n\t\t\t\t\t\t\t<div class=\"elementor-shortcode\"><!-- START Botmaker WebChat-->\n<script>\n    (function () {\n        let js = document.createElement('script');\n        js.type = 'text\/javascript';\n        js.async = 1;\n        js.src = 'https:\/\/go.botmaker.com\/rest\/webchat\/p\/DOTBairesShopping\/init.js';\n        document.body.appendChild(js);\n    })();\n<\/script>\n<\/div>\n\t\t\t\t\t\t<\/div>\n\t\t\t\t<\/div>\n\t\t\t\t\t<\/div>\n\t\t\t\t<\/div>\n\t\t\t\t<\/div>\n\t\t","protected":false},"excerpt":{"rendered":"<p>Terms &amp; Conditions POL\u00cdTICA DE PRIVACIDAD Y USO DE COOKIES \u00a0 La presente Pol\u00edtica de Privacidad (la \u201cPol\u00edtica\u201d) describe la informaci\u00f3n que el sitio https:\/\/www.dotbairesshopping.com\/index.php\/home-en\/ (el \u201cSitio\u201d) recoge sobre sus usuarios y visitantes y lo que puede hacerse con dicha informaci\u00f3n. Al registrarse y\/o utilizar el Sitio, el usuario y\/o el visitante presta su consentimiento [&hellip;]<\/p>\n","protected":false},"author":1,"featured_media":0,"parent":0,"menu_order":0,"comment_status":"closed","ping_status":"closed","template":"elementor_header_footer","meta":{"_acf_changed":false,"footnotes":""},"class_list":["post-665","page","type-page","status-publish","hentry"],"acf":[],"_links":{"self":[{"href":"https:\/\/www.dotbairesshopping.com\/index.php\/wp-json\/wp\/v2\/pages\/665","targetHints":{"allow":["GET"]}}],"collection":[{"href":"https:\/\/www.dotbairesshopping.com\/index.php\/wp-json\/wp\/v2\/pages"}],"about":[{"href":"https:\/\/www.dotbairesshopping.com\/index.php\/wp-json\/wp\/v2\/types\/page"}],"author":[{"embeddable":true,"href":"https:\/\/www.dotbairesshopping.com\/index.php\/wp-json\/wp\/v2\/users\/1"}],"replies":[{"embeddable":true,"href":"https:\/\/www.dotbairesshopping.com\/index.php\/wp-json\/wp\/v2\/comments?post=665"}],"version-history":[{"count":29,"href":"https:\/\/www.dotbairesshopping.com\/index.php\/wp-json\/wp\/v2\/pages\/665\/revisions"}],"predecessor-version":[{"id":3394,"href":"https:\/\/www.dotbairesshopping.com\/index.php\/wp-json\/wp\/v2\/pages\/665\/revisions\/3394"}],"wp:attachment":[{"href":"https:\/\/www.dotbairesshopping.com\/index.php\/wp-json\/wp\/v2\/media?parent=665"}],"curies":[{"name":"wp","href":"https:\/\/api.w.org\/{rel}","templated":true}]}}